{"id":61,"date":"2023-01-10T22:57:50","date_gmt":"2023-01-10T21:57:50","guid":{"rendered":"https:\/\/esmousse.com\/?page_id=61"},"modified":"2024-10-04T13:49:15","modified_gmt":"2024-10-04T12:49:15","slug":"produits","status":"publish","type":"page","link":"https:\/\/esmousse.com\/index.php\/produits\/","title":{"rendered":"Produits"},"content":{"rendered":"<div data-colibri-id=\"61-c1\" class=\"style-347 style-local-61-c1 position-relative\">\n  <!---->\n  <div data-colibri-component=\"section\" data-colibri-id=\"61-c2\" id=\"initial-content\" class=\"h-section h-section-global-spacing d-flex align-items-lg-center align-items-md-center align-items-center style-348 style-local-61-c2 position-relative\">\n    <!---->\n    <!---->\n    <div class=\"h-section-grid-container h-section-boxed-container\">\n      <!---->\n      <div data-colibri-id=\"61-c3\" class=\"h-row-container gutters-row-lg-2 gutters-row-md-2 gutters-row-0 gutters-row-v-lg-2 gutters-row-v-md-2 gutters-row-v-2 style-349 style-local-61-c3 position-relative\">\n        <!---->\n        <div class=\"h-row justify-content-lg-center justify-content-md-center justify-content-center align-items-lg-stretch align-items-md-stretch align-items-stretch gutters-col-lg-2 gutters-col-md-2 gutters-col-0 gutters-col-v-lg-2 gutters-col-v-md-2 gutters-col-v-2\">\n          <!---->\n          <div class=\"h-column h-column-container d-flex h-col-lg-auto h-col-md-auto h-col-auto style-350-outer style-local-61-c4-outer\">\n            <div data-colibri-id=\"61-c4\" class=\"d-flex h-flex-basis h-column__inner h-px-lg-2 h-px-md-2 h-px-2 v-inner-lg-2 v-inner-md-2 v-inner-2 style-350 style-local-61-c4 position-relative\">\n              <!---->\n              <!---->\n              <div class=\"w-100 h-y-container h-column__content h-column__v-align flex-basis-100 align-self-lg-start align-self-md-start align-self-start\">\n                <!---->\n                <div data-colibri-id=\"61-c5\" class=\"style-351 style-local-61-c5 position-relative h-element\">\n                  <!---->\n                  <div>\n                    \n                    <p>Nous proposons une gamme de mousses de qualit\u00e9 sup\u00e9rieure pour tous les besoins. Nous avons s\u00e9lectionn\u00e9 les meilleures mati\u00e8res premi\u00e8res pour nos produits, garantissant ainsi leur haute qualit\u00e9 et leur durabilit\u00e9. Que vous recherchiez\n                      des mousses pour des applications industrielles, des mousses pour des si\u00e8ges de voiture ou des mousses pour des matelas, nous avons ce qu&#8217;il vous faut. <\/p>\n                    \n\n                    \n                    <p>Dans notre gamme de produits, vous trouverez diff\u00e9rents types de mousses, tels que la mousse polyur\u00e9thane, la mousse poly\u00e9ther, la mousse de m\u00e9moire de forme, et bien plus encore. Nous proposons \u00e9galement une gamme de matelas sur mesure\n                      pour r\u00e9pondre \u00e0 tous les besoins. Nous pouvons \u00e9galement cr\u00e9er des mousses sur mesure selon vos sp\u00e9cifications pr\u00e9cises. <\/p>\n                    \n\n                    \n                    <p>D\u00e9couvrez nos diff\u00e9rentes lignes de produits en naviguant sur notre site et n&#8217;h\u00e9sitez pas \u00e0 nous contacter pour toute demande de renseignement ou de devis. Nous serons heureux de vous aider \u00e0 trouver les produits qui r\u00e9pondent le mieux\n                      \u00e0 vos besoins.<\/p>\n                    \n                  <\/div>\n                <\/div>\n                <div data-colibri-id=\"61-c6\" class=\"h-global-transition-all h-heading style-354 style-local-61-c6 position-relative h-element\">\n                  <!---->\n                  <div class=\"h-heading__outer style-354 style-local-61-c6\">\n                    <!---->\n                    <!---->\n                    <h3 class=\"\">Contactez-nous en utilisant le formulaire<\/h3>\n                  <\/div>\n                <\/div>\n                <div data-colibri-id=\"61-c7\" class=\"h-contact-form__outer--forminator style-353 style-local-61-c7 position-relative h-element\">\n                  <!---->\n                  <div class=\"h-global-transition-all h-global-transition h-global-transition-all h-contact-form-shortcode\"><div class=\"forminator-ui forminator-custom-form forminator-custom-form-280 forminator-design--default  forminator_ajax\" data-forminator-render=\"0\" data-form=\"forminator-module-280\" data-uid=\"69ecf81fd7249\"><br\/><\/div><form\n\t\t\t\tid=\"forminator-module-280\"\n\t\t\t\tclass=\"forminator-ui forminator-custom-form forminator-custom-form-280 forminator-design--default  forminator_ajax\"\n\t\t\t\tmethod=\"post\"\n\t\t\t\tdata-forminator-render=\"0\"\n\t\t\t\tdata-form-id=\"280\"\n\t\t\t\t\n\t\t\t\tdata-design=\"default\"\n\t\t\t\t\n\t\t\t\t\n\t\t\t\t\n\t\t\t\tdata-grid=\"open\"\n\t\t\t\t\n\t\t\t\t\n\t\t\t\tstyle=\"display: none;\"\n\t\t\t\t\n\t\t\t\tdata-uid=\"69ecf81fd7249\"\n\t\t\t><div class=\"forminator-response-message forminator-error\" aria-hidden=\"true\"><\/div><div class=\"forminator-row\"><div id=\"name-1\" class=\"forminator-col forminator-col-12 \"><div class=\"forminator-row forminator-no-margin\" data-multiple=\"true\"><div class=\"forminator-col forminator-col-md-6\"><div class=\"forminator-field\"><label for=\"forminator-field-first-name-1_69ecf81fd7249\" class=\"forminator-label\">Nom <span class=\"forminator-required\">*<\/span><\/label><input type=\"text\" name=\"name-1-first-name\" placeholder=\"Antoine\" id=\"forminator-field-first-name-1_69ecf81fd7249\" class=\"forminator-input\" aria-required=\"true\" data-multi=\"1\" value=\"\" \/><\/div><\/div><div class=\"forminator-col forminator-col-md-6\"><div class=\"forminator-field\"><label for=\"forminator-field-last-name-1_69ecf81fd7249\" class=\"forminator-label\">Nom de famille <span class=\"forminator-required\">*<\/span><\/label><input type=\"text\" name=\"name-1-last-name\" placeholder=\"Bernard\" id=\"forminator-field-last-name-1_69ecf81fd7249\" class=\"forminator-input\" aria-required=\"true\" data-multi=\"1\" value=\"\" \/><\/div><\/div><\/div><\/div><\/div><div class=\"forminator-row\"><div id=\"phone-1\" class=\"forminator-col forminator-col-6 \"><div class=\"forminator-field\"><label for=\"forminator-field-phone-1_69ecf81fd7249\" class=\"forminator-label\">Num\u00e9ro de t\u00e9l\u00e9phone <span class=\"forminator-required\">*<\/span><\/label><input type=\"text\" name=\"phone-1\" value=\"\" placeholder=\"+33600000000\" id=\"forminator-field-phone-1_69ecf81fd7249\" class=\"forminator-input forminator-field--phone\" data-required=\"1\" aria-required=\"true\" autocomplete=\"off\" data-validation=\"1\" \/><\/div><\/div><div id=\"email-1\" class=\"forminator-col forminator-col-6 \"><div class=\"forminator-field\"><label for=\"forminator-field-email-1_69ecf81fd7249\" class=\"forminator-label\">Email <span class=\"forminator-required\">*<\/span><\/label><input type=\"email\" name=\"email-1\" value=\"\" placeholder=\"Antoine@compagnie.com\" id=\"forminator-field-email-1_69ecf81fd7249\" class=\"forminator-input forminator-email--field\" data-required=\"true\" aria-required=\"true\" \/><\/div><\/div><\/div><div class=\"forminator-row\"><div id=\"select-1\" class=\"forminator-col forminator-col-6 \"><div class=\"forminator-field\"><label for=\"forminator-form-280__field--select-1_69ecf81fd7249-label\" class=\"forminator-label\">Etes-vous une entreprise ?<\/label><select id=\"forminator-form-280__field--select-1_69ecf81fd7249\" class=\"forminator-select--field forminator-select2\" data-required=\"\" name=\"select-1\" data-default-value=\"\" data-placeholder=\"\" data-search=\"false\" aria-describedby=\"forminator-form-280__field--select-1_69ecf81fd7249-description\"><option value=\"one\"  data-calculation=\"0\">Oui<\/option><option value=\"two\"  data-calculation=\"0\">Non<\/option><\/select><\/div><\/div><div id=\"select-2\" class=\"forminator-col forminator-col-6 \"><div class=\"forminator-field\"><label for=\"forminator-form-280__field--select-2_69ecf81fd7249-label\" class=\"forminator-label\">Veuillez s\u00e9lectionner votre produit<\/label><select id=\"forminator-form-280__field--select-2_69ecf81fd7249\" class=\"forminator-select--field forminator-select2\" data-required=\"\" name=\"select-2\" data-default-value=\"\" data-placeholder=\"\" data-search=\"false\" aria-describedby=\"forminator-form-280__field--select-2_69ecf81fd7249-description\"><option value=\"one\"  data-calculation=\"0\">Demande d'informations<\/option><option value=\"two\"  data-calculation=\"0\">Recevoir un devis<\/option><\/select><\/div><\/div><\/div><div class=\"forminator-row\"><div id=\"textarea-1\" class=\"forminator-col forminator-col-12 \"><div class=\"forminator-field\"><label for=\"forminator-field-textarea-1_69ecf81fd7249\" class=\"forminator-label\">D\u00e9crivez le type de mousse dont vous avez besoin, la quantit\u00e9, les dimensions ou contactez-nous pour que nous puissions vous donner plus d&#039;informations.<\/label><textarea name=\"textarea-1\" placeholder=\"\" id=\"forminator-field-textarea-1_69ecf81fd7249\" class=\"forminator-textarea\" rows=\"6\" style=\"min-height:140px;\" maxlength=\"180\" ><\/textarea><span id=\"forminator-field-textarea-1_69ecf81fd7249-description\" class=\"forminator-description\"><span data-limit=\"180\" data-type=\"characters\">0 \/ 180<\/span><\/span><\/div><\/div><\/div><input type=\"hidden\" name=\"referer_url\" value=\"\" \/><div class=\"forminator-row forminator-row-last\"><div class=\"forminator-col\"><div class=\"forminator-field\"><button class=\"forminator-button forminator-button-submit\">Envoyez<\/button><\/div><\/div><\/div><input type=\"hidden\" id=\"forminator_nonce\" name=\"forminator_nonce\" value=\"eb3c89d9aa\" \/><input type=\"hidden\" name=\"_wp_http_referer\" value=\"\/index.php\/wp-json\/wp\/v2\/pages\/61\" \/><input type=\"hidden\" name=\"form_id\" value=\"280\"><input type=\"hidden\" name=\"page_id\" value=\"61\"><input type=\"hidden\" name=\"form_type\" value=\"default\"><input type=\"hidden\" name=\"current_url\" value=\"https:\/\/esmousse.com\/index.php\/produits\/\"><input type=\"hidden\" name=\"render_id\" value=\"0\"><input type=\"hidden\" name=\"action\" value=\"forminator_submit_form_custom-forms\"><\/form><\/div>\n                <\/div>\n              <\/div>\n            <\/div>\n          <\/div>\n        <\/div>\n      <\/div>\n    <\/div>\n  <\/div>\n<\/div>","protected":false},"excerpt":{"rendered":"<p>Nous proposons une gamme de mousses de qualit\u00e9 sup\u00e9rieure pour tous les besoins. Nous avons s\u00e9lectionn\u00e9 les meilleures mati\u00e8res premi\u00e8res pour nos produits, garantissant ainsi leur haute qualit\u00e9 et leur durabilit\u00e9. Que vous recherchiez des mousses pour des applications industrielles, des mousses pour des si\u00e8ges de voiture ou des mousses pour des matelas, nous avons [&hellip;]<\/p>\n","protected":false},"author":1,"featured_media":0,"parent":0,"menu_order":0,"comment_status":"closed","ping_status":"closed","template":"page-templates\/full-width-page.php","meta":[],"_links":{"self":[{"href":"https:\/\/esmousse.com\/index.php\/wp-json\/wp\/v2\/pages\/61"}],"collection":[{"href":"https:\/\/esmousse.com\/index.php\/wp-json\/wp\/v2\/pages"}],"about":[{"href":"https:\/\/esmousse.com\/index.php\/wp-json\/wp\/v2\/types\/page"}],"author":[{"embeddable":true,"href":"https:\/\/esmousse.com\/index.php\/wp-json\/wp\/v2\/users\/1"}],"replies":[{"embeddable":true,"href":"https:\/\/esmousse.com\/index.php\/wp-json\/wp\/v2\/comments?post=61"}],"version-history":[{"count":6,"href":"https:\/\/esmousse.com\/index.php\/wp-json\/wp\/v2\/pages\/61\/revisions"}],"predecessor-version":[{"id":416,"href":"https:\/\/esmousse.com\/index.php\/wp-json\/wp\/v2\/pages\/61\/revisions\/416"}],"wp:attachment":[{"href":"https:\/\/esmousse.com\/index.php\/wp-json\/wp\/v2\/media?parent=61"}],"curies":[{"name":"wp","href":"https:\/\/api.w.org\/{rel}","templated":true}]}}